{"id":198,"date":"2017-03-01T19:15:16","date_gmt":"2017-03-01T18:15:16","guid":{"rendered":"https:\/\/www.leanti-kitchen.com\/startseite\/"},"modified":"2017-09-23T17:25:55","modified_gmt":"2017-09-23T15:25:55","slug":"startseite","status":"publish","type":"page","link":"https:\/\/www.leanti-kitchen.com\/es\/","title":{"rendered":"Leanti kitchen"},"content":{"rendered":"<p>Estimados visitantes de nuestro sitio web,<\/p>\n<p>les presentamos las cocinas m\u00e1s bellas e innovadoras de la isla y nos complacer\u00e1 presentarles estas cocinas personalmente en nuestra sala de espect\u00e1culos en Son Bugadelles en Santa Ponsa.<\/p>\n","protected":false},"excerpt":{"rendered":"<p>Estimados visitantes de nuestro sitio web, les presentamos las cocinas m\u00e1s bellas e innovadoras de la isla y nos complacer\u00e1 presentarles estas cocinas personalmente en nuestra sala de espect\u00e1culos en Son Bugadelles en Santa Ponsa.<\/p>\n","protected":false},"author":1,"featured_media":0,"parent":0,"menu_order":0,"comment_status":"closed","ping_status":"closed","template":"","meta":{"footnotes":""},"class_list":["post-198","page","type-page","status-publish","hentry"],"_links":{"self":[{"href":"https:\/\/www.leanti-kitchen.com\/es\/wp-json\/wp\/v2\/pages\/198","targetHints":{"allow":["GET"]}}],"collection":[{"href":"https:\/\/www.leanti-kitchen.com\/es\/wp-json\/wp\/v2\/pages"}],"about":[{"href":"https:\/\/www.leanti-kitchen.com\/es\/wp-json\/wp\/v2\/types\/page"}],"author":[{"embeddable":true,"href":"https:\/\/www.leanti-kitchen.com\/es\/wp-json\/wp\/v2\/users\/1"}],"replies":[{"embeddable":true,"href":"https:\/\/www.leanti-kitchen.com\/es\/wp-json\/wp\/v2\/comments?post=198"}],"version-history":[{"count":1,"href":"https:\/\/www.leanti-kitchen.com\/es\/wp-json\/wp\/v2\/pages\/198\/revisions"}],"predecessor-version":[{"id":200,"href":"https:\/\/www.leanti-kitchen.com\/es\/wp-json\/wp\/v2\/pages\/198\/revisions\/200"}],"wp:attachment":[{"href":"https:\/\/www.leanti-kitchen.com\/es\/wp-json\/wp\/v2\/media?parent=198"}],"curies":[{"name":"wp","href":"https:\/\/api.w.org\/{rel}","templated":true}]}}